{"id":33,"date":"2016-11-27T17:44:00","date_gmt":"2016-11-27T16:44:00","guid":{"rendered":"http:\/\/vailly.org\/?page_id=33"},"modified":"2016-11-27T17:45:14","modified_gmt":"2016-11-27T16:45:14","slug":"contactez-moi","status":"publish","type":"page","link":"https:\/\/vailly.org\/index.php\/contactez-moi\/","title":{"rendered":"Contactez-moi"},"content":{"rendered":"<p>Pour toute question, l&rsquo;envie d&rsquo;essayer un savon ou une id\u00e9e pour un savon sur mesure, n&rsquo;h\u00e9sitez pas \u00e0 m&rsquo;envoyer un petit mail \u00e0 <a href=\"mailto:contact@vailly.org\" target=\"_blank\">contact@vailly.org<\/a><\/p>\n<p>A bient\u00f4t.<\/p>\n","protected":false},"excerpt":{"rendered":"<p>Pour toute question, l&rsquo;envie d&rsquo;essayer un savon ou une id\u00e9e pour un savon sur mesure, n&rsquo;h\u00e9sitez pas \u00e0 m&rsquo;envoyer un petit mail \u00e0 contact@vailly.org A bient\u00f4t.<\/p>\n","protected":false},"author":1,"featured_media":0,"parent":0,"menu_order":0,"comment_status":"closed","ping_status":"closed","template":"","meta":[],"_links":{"self":[{"href":"https:\/\/vailly.org\/index.php\/wp-json\/wp\/v2\/pages\/33"}],"collection":[{"href":"https:\/\/vailly.org\/index.php\/wp-json\/wp\/v2\/pages"}],"about":[{"href":"https:\/\/vailly.org\/index.php\/wp-json\/wp\/v2\/types\/page"}],"author":[{"embeddable":true,"href":"https:\/\/vailly.org\/index.php\/wp-json\/wp\/v2\/users\/1"}],"replies":[{"embeddable":true,"href":"https:\/\/vailly.org\/index.php\/wp-json\/wp\/v2\/comments?post=33"}],"version-history":[{"count":2,"href":"https:\/\/vailly.org\/index.php\/wp-json\/wp\/v2\/pages\/33\/revisions"}],"predecessor-version":[{"id":36,"href":"https:\/\/vailly.org\/index.php\/wp-json\/wp\/v2\/pages\/33\/revisions\/36"}],"wp:attachment":[{"href":"https:\/\/vailly.org\/index.php\/wp-json\/wp\/v2\/media?parent=33"}],"curies":[{"name":"wp","href":"https:\/\/api.w.org\/{rel}","templated":true}]}}